{"id":21186,"date":"2022-06-22T19:38:58","date_gmt":"2022-06-22T18:38:58","guid":{"rendered":"https:\/\/www.real-step.com\/about-realstep\/como-encontrar-una-pasantia-aprobada-en-una-ong\/"},"modified":"2022-06-22T19:38:58","modified_gmt":"2022-06-22T18:38:58","slug":"como-encontrar-una-pasantia-aprobada-en-una-ong","status":"publish","type":"page","link":"https:\/\/www.real-step.com\/en\/about-realstep\/como-encontrar-una-pasantia-aprobada-en-una-ong\/","title":{"rendered":"C\u00f3mo encontrar una pasant\u00eda aprobada en una ONG"},"content":{"rendered":"<h2>Informaci\u00f3n general<\/h2>\n<p>Location: M\u00faltiples destinos Duration: 2 a 24 semanas Start dates: all year Minimum level of idiom: B1 en ingl\u00e9s Minimum age: 18 years old<\/p>\n<p>&nbsp;<\/p>\n<p>Pr\u00e1cticas de ingenier\u00eda, pr\u00e1cticas de enfermer\u00eda, pr\u00e1cticas de veterinaria, pr\u00e1cticas de gesti\u00f3n de proyectos, proyectos de ense\u00f1anza, investigaci\u00f3n ambiental&#8230; gracias a nuestras numerosas ONG asociadas, Real Step ofrece <strong>pr\u00e1cticas aprobadas<\/strong> en todo el mundo y en todos los sectores. Las pasant\u00edas en ONG ahora son muy populares entre los estudiantes que aspiran a m\u00e1s misiones de &#8220;campo&#8221; en comparaci\u00f3n con una pasant\u00eda en una empresa. Unirse a un equipo de expertos (gu\u00edas, investigadores, coordinadores de proyectos) y trabajar en equipo aporta no solo una s\u00f3lida experiencia internacional sino tambi\u00e9n un enriquecimiento personal \u00fanico en el campo humanitario.<\/p>\n<p>&nbsp;<\/p>\n<h2>Puntos fuertes<\/h2>\n<ul>\n<li>Obtenga experiencia laboral internacional<\/li>\n<li>Adquirir m\u00e9todos de investigaci\u00f3n, an\u00e1lisis y conocimiento profundo<\/li>\n<li>Capacidad para trabajar en equipo, aprender a gestionar un equipo.<\/li>\n<li>Descubre otra cultura y otro modo de operar<\/li>\n<li>Contribuye a un proyecto que lleva valores de ayuda mutua, solidaridad con un objetivo real<\/li>\n<\/ul>\n<h2>Avance de pasant\u00edas aprobadas en ONG<\/h2>\n<p>Las misiones de voluntariado internacional est\u00e1n totalmente supervisadas por profesionales, personal local y, si es necesario, traductores. Las comidas, la supervisi\u00f3n, el transporte local y el alojamiento est\u00e1n incluidos durante todo el per\u00edodo del curso. Previamente, aseguramos el seguimiento de su expediente, los preparativos del viaje (visado, seguro, etc.) y la firma del acuerdo de pr\u00e1cticas por parte del tutor in situ. Una vez que la misi\u00f3n haya sido validada por la escuela y la organizaci\u00f3n de acogida, se requerir\u00e1n los siguientes documentos: &#8211; El CV y una carta de presentaci\u00f3n en ingl\u00e9s. &#8211; Una identificaci\u00f3n v\u00e1lida para la estad\u00eda. <\/p>\n<h2>Cursos modulares que se adaptan a todos los niveles<\/h2>\n<p>La duraci\u00f3n de las pr\u00e1cticas var\u00eda entre 2 semanas y 24 semanas, es bastante posible encontrar misiones adecuadas para todas las duraciones. Las pr\u00e1cticas flexibles permiten a los estudiantes gestionar su tiempo en el proyecto (tiempo libre, posibilidad de vacaciones o excursiones antes o despu\u00e9s del proyecto, etc.). Pero la gran ventaja de las pr\u00e1cticas en ONG es que se pueden ajustar a voluntad. Durante las pr\u00e1cticas aprobadas a largo plazo, el estudiante en pr\u00e1cticas puede combinar varias misiones en un destino (por ejemplo, en Tailandia con <a href=\"https:\/\/www.real-step.com\/es\/stage-ong\/pasantia-de-animales\/curso-de-proteccion-de-elefantes-en-tailandia\/\">la pasant\u00eda de protecci\u00f3n de elefantes<\/a> o <a href=\"https:\/\/www.real-step.com\/es\/stage-ong\/pasantia-de-medio-ambiente\/pasantia-de-conservacion-costera-en-tailandia\/\">la pasant\u00eda de conservaci\u00f3n costera<\/a> ) e incluso varios otros destinos si esta condici\u00f3n es validada por su escuela\/universidad. . Se pueden considerar algunas solicitudes espec\u00edficas, como la posibilidad de organizar talleres de prevenci\u00f3n durante las pr\u00e1cticas m\u00e9dicas, o establecer programas espec\u00edficos (deporte, arte, etc.) durante las pr\u00e1cticas educativas. <\/p>\n<h2>Las asignaciones m\u00e1s populares para las pr\u00e1cticas de los estudiantes<\/h2>\n<h3>Estudiantes de biolog\u00eda y medio marino<\/h3>\n<p>&#8211;  <a href=\"https:\/\/www.real-step.com\/es\/stage-ong\/pasantia-de-medio-ambiente\/pasantia-de-especies-marinas-en-sudafrica\/\" target=\"_blank\" rel=\"noopener\">Pasant\u00eda en especies marinas en Sud\u00e1frica<\/a><\/p>\n<p>&#8211; <a href=\"https:\/\/www.real-step.com\/es\/stage-ong\/pasantia-de-medio-ambiente\/pasantia-de-conservacion-marina-en-mexico\/\">Pasant\u00eda de conservaci\u00f3n marina en M\u00e9xico<\/a> &#8211; <a href=\"https:\/\/www.real-step.com\/es\/stage-ong\/pasantia-de-medio-ambiente\/pasantia-de-buceo-y-recoleccion-de-datos-en-fiji\/\">Pasant\u00eda de buceo y recolecci\u00f3n de datos en Fiji<\/a><\/p>\n<p>&nbsp;<\/p>\n<h3>Estudiantes de medio ambiente y ecolog\u00eda.<\/h3>\n<p>&#8211;  <a href=\"https:\/\/www.real-step.com\/es\/stage-ong\/pasantia-de-medio-ambiente\/cursos-de-parques-nacionales-en-japon\/\">Cursos de parques nacionales en Jap\u00f3n<\/a><\/p>\n<p>&nbsp;<\/p>\n<p>&#8211; <a href=\"https:\/\/www.real-step.com\/es\/stage-ong\/pasantia-de-medio-ambiente\/pasantia-de-conservacion-en-bosque-tropical-en-costa-rica\/\">Pasant\u00eda de conservaci\u00f3n en bosque tropical en Costa Rica<\/a> &#8211; <a href=\"https:\/\/www.real-step.com\/es\/stage-ong\/pasantia-de-medio-ambiente\/practicas-en-una-granja-organica-en-irlanda\/\">Pr\u00e1cticas en una granja org\u00e1nica en Irlanda<\/a><\/p>\n<h3>cuidadores de animales<\/h3>\n<p>&#8211;  <a href=\"https:\/\/www.real-step.com\/es\/stage-ong\/pasantia-de-animales\/conservacion-de-los-osos-negros-en-japon\/\">Conservaci\u00f3n de los osos negros en Jap\u00f3n<\/a><\/p>\n<p>&#8211; <a href=\"https:\/\/www.real-step.com\/es\/stage-ong\/pasantia-de-animales\/pasantia-veterinaria-canina-en-peru\/\">Pasant\u00eda veterinaria canina en Per\u00fa<\/a> &#8211; <a href=\"https:\/\/www.real-step.com\/es\/stage-ong\/pasantia-de-animales\/practicas-de-investigacion-y-vida-salvaje-en-namibia\/\">Pr\u00e1cticas de investigaci\u00f3n y vida salvaje en Namibia<\/a><\/p>\n<h3>Pr\u00e1cticas veterinarias<\/h3>\n<p>&#8211;  <a href=\"https:\/\/www.real-step.com\/es\/stage-ong\/pasantia-de-animales\/pasantia-veterinaria-en-reserva-sudafrica\/\">Pasant\u00eda veterinaria en una reserva natural en Sud\u00e1frica<\/a><\/p>\n<p>&#8211; <a href=\"https:\/\/www.real-step.com\/es\/stage-ong\/pasantia-de-animales\/pasantia-veterinaria-en-un-refugio-para-perros-en-sri-lanka\/\">Pr\u00e1cticas veterinarias en un refugio para perros en Sri Lanka<\/a><\/p>\n<h3>pasant\u00eda m\u00e9dica<\/h3>\n<p>Enfermeras, matronas, fisioterapeutas, estudiantes de medicina: &#8211; <a href=\"https:\/\/www.real-step.com\/es\/stage-ong\/pasantia-medica\/practicas-medicas-y-de-prevencion-en-bali\/\">Curso de medicina y prevenci\u00f3n en Bali<\/a> &#8211; <a href=\"https:\/\/www.real-step.com\/es\/stage-ong\/pasantia-medica\/enfermeria-y-pasantia-medica-en-guatemala\/\">Enfermer\u00eda y pasant\u00eda m\u00e9dica en Guatemala<\/a> &#8211; India, Nepal, Sud\u00e1frica, Camboya, Per\u00fa y muchos m\u00e1s<\/p>\n<h3>Psicolog\u00eda, educadores especiales, educaci\u00f3n:<\/h3>\n<p>&#8211;  <a href=\"https:\/\/www.real-step.com\/es\/stage-ong\/pasantia-humanitaria\/pasantia-de-trabajador-juvenil-en-croacia\/\">Pasant\u00eda de l\u00edder juvenil en Croacia<\/a><\/p>\n<p>&#8211; <a href=\"https:\/\/www.real-step.com\/es\/stage-ong\/pasantia-humanitaria\/practicas-docentes-en-argentina\/\">Pr\u00e1cticas docentes en Argentina<\/a> &#8211; <a href=\"https:\/\/www.real-step.com\/es\/stage-ong\/pasantia-humanitaria\/practicas-de-educacion-especial-y-ensenanza-en-la-india\/\">Pr\u00e1cticas de educaci\u00f3n especial y ense\u00f1anza en la India<\/a>.<\/p>\n<h3>Construcci\u00f3n<\/h3>\n<p>Ingenieros: <a href=\"https:\/\/www.real-step.com\/es\/stage-ong\/pasantia-humanitaria\/practicas-de-construccion-y-renovacion-en-nepal\/#prices\">Sitios de construcci\u00f3n en Nepal<\/a> o <a href=\"https:\/\/www.real-step.com\/es\/stage-ong\/pasantia-humanitaria\/practicas-de-construccion-y-renovacion-en-mexico\/\">M\u00e9xico<\/a>, <a href=\"https:\/\/www.real-step.com\/es\/stage-ong\/pasantia-de-medio-ambiente\/practicas-de-renovacion-y-construccion-en-peru\/\">Per\u00fa<\/a>, <a href=\"https:\/\/www.real-step.com\/es\/stage-ong\/pasantia-humanitaria\/practicas-en-un-sitio-humanitario-en-ciudad-del-cabo\/\">Sud\u00e1frica<\/a>.<\/p>\n<h3>corriente general<\/h3>\n<p>Todos los proyectos, excepto aquellos que requieran experiencia o habilidades espec\u00edficas (m\u00e9dicas o infantiles). <strong>Habilidades adquiridas en una misi\u00f3n de voluntariado internacional:<\/strong> gesti\u00f3n de proyectos, trabajo en equipo, pr\u00e1ctica diaria del ingl\u00e9s, experiencia internacional, adaptaci\u00f3n a un entorno diferente, etc.<\/p>\n<h2>INCLUIDO EN LOS PROGRAMAS<\/h2>\n<p>Asistencia telef\u00f3nica 24 horas en caso de emergencia Traslado del aeropuerto al proyecto. All equipment and materials required for the project. Personal experimentado que brinda seguimiento y supervisi\u00f3n. Comidas durante el proyecto. Alojamiento compartido (en un albergue juvenil pero tambi\u00e9n en un campamento, depende de los proyectos)<\/p>\n<h2>NO INCLUIDO<\/h2>\n<p>Excursiones adicionales Transporte a\u00e9reo Seguro m\u00e9dico y de viaje Equipo personal de buceo, ejemplo:. m\u00e1scara, aletas, traje de neopreno, cron\u00f3metro.<\/p>\n<p>&nbsp;<\/p>\n<h2>Para participar en el proyecto<\/h2>\n<ul>\n<li>Nivel de ingl\u00e9s requerido: intermedio (al menos B1)<\/li>\n<li>Vacunas: Difteria, Tifus, Tifoidea, Hepatitis A and Anti-polio. Pida consejo a su m\u00e9dico sobre la vacuna antirr\u00e1bica y los tratamientos antipal\u00fadicos. <\/li>\n<\/ul>\n<h2>Para registrarse se le pedir\u00e1<\/h2>\n<ul>\n<li>una copia del pasaporte<\/li>\n<li>un curr\u00edculum en ingl\u00e9s<\/li>\n<li>un certificado de seguro de viaje<\/li>\n<li>un certificado m\u00e9dico firmado por su m\u00e9dico<\/li>\n<li>un extracto de antecedentes penales<\/li>\n<\/ul>\n<h2>NUESTRAS ORGANIZACIONES ASOCIADAS<\/h2>\n<p>Nuestras ONG socias forman parte de la Comisi\u00f3n Internacional de Turismo Sostenible de las Naciones Unidas. Todas sus iniciativas y proyectos de voluntariado est\u00e1n dirigidos por expertos en colaboraci\u00f3n con la poblaci\u00f3n local y los gobiernos nacionales. Todos los proyectos siguen objetivos a medio y largo plazo definidos con socios locales y respetando los Objetivos de Desarrollo Sostenible de Naciones Unidas. Como organizaci\u00f3n sin \u00e1nimo de lucro, nuestros proyectos de voluntariado son lo m\u00e1s transparentes posible. La contribuci\u00f3n de los voluntarios se utiliza para cubrir la planificaci\u00f3n del proyecto (reconocimiento, reclutamiento de equipos y apoyo log\u00edstico), los costos directos de campo (transporte, alojamiento, comidas del personal) y finalmente para apoyar el proyecto en s\u00ed y su continuidad. . Sin la ayuda f\u00edsica y econ\u00f3mica de los voluntarios, este proyecto no habr\u00eda visto la luz.  <\/p>\n","protected":false},"excerpt":{"rendered":"<p>Informaci\u00f3n general Location: M\u00faltiples destinos Duration: 2 a 24 semanas Start dates: all year Minimum level of idiom: B1 en ingl\u00e9s Minimum age: 18 years old &nbsp; Pr\u00e1cticas de ingenier\u00eda, pr\u00e1cticas de enfermer\u00eda, pr\u00e1cticas de veterinaria, pr\u00e1cticas de gesti\u00f3n de proyectos, proyectos de ense\u00f1anza, investigaci\u00f3n ambiental&#8230; gracias a nuestras numerosas ONG asociadas, Real Step ofrece [&hellip;]<\/p>\n","protected":false},"author":15,"featured_media":8528,"parent":10180,"menu_order":0,"comment_status":"closed","ping_status":"closed","template":"elementor_header_footer","meta":{"_jet_sm_ready_style":"","_jet_sm_style":"","_jet_sm_controls_values":"","_jet_sm_fonts_collection":"","_jet_sm_fonts_links":"","footnotes":""},"type-de-programme":[],"types-de-page":[88],"class_list":["post-21186","page","type-page","status-publish","has-post-thumbnail","hentry","types-de-page-page-unique"],"_links":{"self":[{"href":"https:\/\/www.real-step.com\/en\/wp-json\/wp\/v2\/pages\/21186","targetHints":{"allow":["GET"]}}],"collection":[{"href":"https:\/\/www.real-step.com\/en\/wp-json\/wp\/v2\/pages"}],"about":[{"href":"https:\/\/www.real-step.com\/en\/wp-json\/wp\/v2\/types\/page"}],"author":[{"embeddable":true,"href":"https:\/\/www.real-step.com\/en\/wp-json\/wp\/v2\/users\/15"}],"replies":[{"embeddable":true,"href":"https:\/\/www.real-step.com\/en\/wp-json\/wp\/v2\/comments?post=21186"}],"version-history":[{"count":0,"href":"https:\/\/www.real-step.com\/en\/wp-json\/wp\/v2\/pages\/21186\/revisions"}],"up":[{"embeddable":true,"href":"https:\/\/www.real-step.com\/en\/wp-json\/wp\/v2\/pages\/10180"}],"wp:featuredmedia":[{"embeddable":true,"href":"https:\/\/www.real-step.com\/en\/wp-json\/wp\/v2\/media\/8528"}],"wp:attachment":[{"href":"https:\/\/www.real-step.com\/en\/wp-json\/wp\/v2\/media?parent=21186"}],"wp:term":[{"taxonomy":"type-de-programme","embeddable":true,"href":"https:\/\/www.real-step.com\/en\/wp-json\/wp\/v2\/type-de-programme?post=21186"},{"taxonomy":"types-de-page","embeddable":true,"href":"https:\/\/www.real-step.com\/en\/wp-json\/wp\/v2\/types-de-page?post=21186"}],"curies":[{"name":"wp","href":"https:\/\/api.w.org\/{rel}","templated":true}]}}