{"id":10230,"date":"2021-11-26T15:54:13","date_gmt":"2021-11-26T14:54:13","guid":{"rendered":"https:\/\/www.real-step.com\/politica-de-confidencialidad\/"},"modified":"2025-01-26T16:23:46","modified_gmt":"2025-01-26T15:23:46","slug":"politica-de-privacidad","status":"publish","type":"page","link":"https:\/\/www.real-step.com\/es\/politica-de-privacidad\/","title":{"rendered":"Pol\u00edtica de privacidad"},"content":{"rendered":"\t\t<div data-elementor-type=\"wp-page\" data-elementor-id=\"10230\" class=\"elementor elementor-10230 elementor-2494\" data-elementor-post-type=\"page\">\n\t\t\t\t\t\t<section class=\"elementor-section elementor-top-section elementor-element elementor-element-76b375e elementor-section-full_width elementor-section-height-min-height elementor-section-items-bottom elementor-section-content-middle elementor-section-height-default\" data-id=\"76b375e\" data-element_type=\"section\" data-e-type=\"section\" data-settings=\"{&quot;jet_parallax_layout_list&quot;:[{&quot;jet_parallax_layout_image&quot;:{&quot;url&quot;:&quot;&quot;,&quot;id&quot;:&quot;&quot;,&quot;size&quot;:&quot;&quot;,&quot;alt&quot;:&quot;&quot;,&quot;source&quot;:&quot;library&quot;},&quot;_id&quot;:&quot;4a3913d&quot;,&quot;jet_parallax_layout_image_tablet&quot;:{&quot;url&quot;:&quot;&quot;,&quot;id&quot;:&quot;&quot;,&quot;size&quot;:&quot;&quot;},&quot;jet_parallax_layout_image_mobile&quot;:{&quot;url&quot;:&quot;&quot;,&quot;id&quot;:&quot;&quot;,&quot;size&quot;:&quot;&quot;},&quot;jet_parallax_layout_speed&quot;:{&quot;unit&quot;:&quot;%&quot;,&quot;size&quot;:50,&quot;sizes&quot;:[]},&quot;jet_parallax_layout_type&quot;:&quot;scroll&quot;,&quot;jet_parallax_layout_direction&quot;:&quot;1&quot;,&quot;jet_parallax_layout_fx_direction&quot;:null,&quot;jet_parallax_layout_z_index&quot;:&quot;&quot;,&quot;jet_parallax_layout_bg_x&quot;:50,&quot;jet_parallax_layout_bg_x_tablet&quot;:&quot;&quot;,&quot;jet_parallax_layout_bg_x_mobile&quot;:&quot;&quot;,&quot;jet_parallax_layout_bg_y&quot;:50,&quot;jet_parallax_layout_bg_y_tablet&quot;:&quot;&quot;,&quot;jet_parallax_layout_bg_y_mobile&quot;:&quot;&quot;,&quot;jet_parallax_layout_bg_size&quot;:&quot;auto&quot;,&quot;jet_parallax_layout_bg_size_tablet&quot;:&quot;&quot;,&quot;jet_parallax_layout_bg_size_mobile&quot;:&quot;&quot;,&quot;jet_parallax_layout_animation_prop&quot;:&quot;transform&quot;,&quot;jet_parallax_layout_on&quot;:[&quot;desktop&quot;,&quot;tablet&quot;]}],&quot;background_background&quot;:&quot;classic&quot;}\">\n\t\t\t\t\t\t\t<div class=\"elementor-background-overlay\"><\/div>\n\t\t\t\t\t\t\t<div class=\"elementor-container elementor-column-gap-no\">\n\t\t\t\t\t<div class=\"elementor-column elementor-col-100 elementor-top-column elementor-element elementor-element-1337da8\" data-id=\"1337da8\" data-element_type=\"column\" data-e-type=\"column\">\n\t\t\t<div class=\"elementor-widget-wrap elementor-element-populated\">\n\t\t\t\t\t\t<section class=\"elementor-section elementor-inner-section elementor-element elementor-element-a0e9158 elementor-section-boxed elementor-section-height-default elementor-section-height-default\" data-id=\"a0e9158\" data-element_type=\"section\" data-e-type=\"section\" data-settings=\"{&quot;jet_parallax_layout_list&quot;:[{&quot;jet_parallax_layout_image&quot;:{&quot;url&quot;:&quot;&quot;,&quot;id&quot;:&quot;&quot;,&quot;size&quot;:&quot;&quot;},&quot;_id&quot;:&quot;cd914a8&quot;,&quot;jet_parallax_layout_image_tablet&quot;:{&quot;url&quot;:&quot;&quot;,&quot;id&quot;:&quot;&quot;,&quot;size&quot;:&quot;&quot;},&quot;jet_parallax_layout_image_mobile&quot;:{&quot;url&quot;:&quot;&quot;,&quot;id&quot;:&quot;&quot;,&quot;size&quot;:&quot;&quot;},&quot;jet_parallax_layout_speed&quot;:{&quot;unit&quot;:&quot;%&quot;,&quot;size&quot;:50,&quot;sizes&quot;:[]},&quot;jet_parallax_layout_type&quot;:&quot;scroll&quot;,&quot;jet_parallax_layout_direction&quot;:&quot;1&quot;,&quot;jet_parallax_layout_fx_direction&quot;:null,&quot;jet_parallax_layout_z_index&quot;:&quot;&quot;,&quot;jet_parallax_layout_bg_x&quot;:50,&quot;jet_parallax_layout_bg_x_tablet&quot;:&quot;&quot;,&quot;jet_parallax_layout_bg_x_mobile&quot;:&quot;&quot;,&quot;jet_parallax_layout_bg_y&quot;:50,&quot;jet_parallax_layout_bg_y_tablet&quot;:&quot;&quot;,&quot;jet_parallax_layout_bg_y_mobile&quot;:&quot;&quot;,&quot;jet_parallax_layout_bg_size&quot;:&quot;auto&quot;,&quot;jet_parallax_layout_bg_size_tablet&quot;:&quot;&quot;,&quot;jet_parallax_layout_bg_size_mobile&quot;:&quot;&quot;,&quot;jet_parallax_layout_animation_prop&quot;:&quot;transform&quot;,&quot;jet_parallax_layout_on&quot;:[&quot;desktop&quot;,&quot;tablet&quot;]}]}\">\n\t\t\t\t\t\t<div class=\"elementor-container elementor-column-gap-default\">\n\t\t\t\t\t<div class=\"elementor-column elementor-col-100 elementor-inner-column elementor-element elementor-element-9861e85\" data-id=\"9861e85\" data-element_type=\"column\" data-e-type=\"column\">\n\t\t\t<div class=\"elementor-widget-wrap elementor-element-populated\">\n\t\t\t\t\t\t<div class=\"elementor-element elementor-element-c0ea85f elementor-widget elementor-widget-heading\" data-id=\"c0ea85f\" data-element_type=\"widget\" data-e-type=\"widget\" data-widget_type=\"heading.default\">\n\t\t\t\t<div class=\"elementor-widget-container\">\n\t\t\t\t\t<h1 class=\"elementor-heading-title elementor-size-xxl\">Pol\u00edtica de privacidad<\/h1>\t\t\t\t<\/div>\n\t\t\t\t<\/div>\n\t\t\t\t\t<\/div>\n\t\t<\/div>\n\t\t\t\t\t<\/div>\n\t\t<\/section>\n\t\t\t\t<div class=\"elementor-element elementor-element-c0427f3 elementor-widget elementor-widget-spacer\" data-id=\"c0427f3\" data-element_type=\"widget\" data-e-type=\"widget\" data-widget_type=\"spacer.default\">\n\t\t\t\t<div class=\"elementor-widget-container\">\n\t\t\t\t\t\t\t<div class=\"elementor-spacer\">\n\t\t\t<div class=\"elementor-spacer-inner\"><\/div>\n\t\t<\/div>\n\t\t\t\t\t\t<\/div>\n\t\t\t\t<\/div>\n\t\t\t\t\t<\/div>\n\t\t<\/div>\n\t\t\t\t\t<\/div>\n\t\t<\/section>\n\t\t\t\t<section class=\"elementor-section elementor-top-section elementor-element elementor-element-501e86a elementor-section-boxed elementor-section-height-default elementor-section-height-default\" data-id=\"501e86a\" data-element_type=\"section\" data-e-type=\"section\" data-settings=\"{&quot;jet_parallax_layout_list&quot;:[{&quot;jet_parallax_layout_image&quot;:{&quot;url&quot;:&quot;&quot;,&quot;id&quot;:&quot;&quot;,&quot;size&quot;:&quot;&quot;},&quot;_id&quot;:&quot;08d6493&quot;,&quot;jet_parallax_layout_image_tablet&quot;:{&quot;url&quot;:&quot;&quot;,&quot;id&quot;:&quot;&quot;,&quot;size&quot;:&quot;&quot;},&quot;jet_parallax_layout_image_mobile&quot;:{&quot;url&quot;:&quot;&quot;,&quot;id&quot;:&quot;&quot;,&quot;size&quot;:&quot;&quot;},&quot;jet_parallax_layout_speed&quot;:{&quot;unit&quot;:&quot;%&quot;,&quot;size&quot;:50,&quot;sizes&quot;:[]},&quot;jet_parallax_layout_type&quot;:&quot;scroll&quot;,&quot;jet_parallax_layout_direction&quot;:&quot;1&quot;,&quot;jet_parallax_layout_fx_direction&quot;:null,&quot;jet_parallax_layout_z_index&quot;:&quot;&quot;,&quot;jet_parallax_layout_bg_x&quot;:50,&quot;jet_parallax_layout_bg_x_tablet&quot;:&quot;&quot;,&quot;jet_parallax_layout_bg_x_mobile&quot;:&quot;&quot;,&quot;jet_parallax_layout_bg_y&quot;:50,&quot;jet_parallax_layout_bg_y_tablet&quot;:&quot;&quot;,&quot;jet_parallax_layout_bg_y_mobile&quot;:&quot;&quot;,&quot;jet_parallax_layout_bg_size&quot;:&quot;auto&quot;,&quot;jet_parallax_layout_bg_size_tablet&quot;:&quot;&quot;,&quot;jet_parallax_layout_bg_size_mobile&quot;:&quot;&quot;,&quot;jet_parallax_layout_animation_prop&quot;:&quot;transform&quot;,&quot;jet_parallax_layout_on&quot;:[&quot;desktop&quot;,&quot;tablet&quot;]}]}\">\n\t\t\t\t\t\t<div class=\"elementor-container elementor-column-gap-default\">\n\t\t\t\t\t<div class=\"elementor-column elementor-col-100 elementor-top-column elementor-element elementor-element-1943567\" data-id=\"1943567\" data-element_type=\"column\" data-e-type=\"column\">\n\t\t\t<div class=\"elementor-widget-wrap elementor-element-populated\">\n\t\t\t\t\t\t<div class=\"elementor-element elementor-element-a800f85 elementor-widget elementor-widget-heading\" data-id=\"a800f85\" data-element_type=\"widget\" data-e-type=\"widget\" data-widget_type=\"heading.default\">\n\t\t\t\t<div class=\"elementor-widget-container\">\n\t\t\t\t\t<h2 class=\"elementor-heading-title elementor-size-default\">POL\u00cdTICA DE PRIVACIDAD Y GESTI\u00d3N DE DATOS PERSONALES<\/h2>\t\t\t\t<\/div>\n\t\t\t\t<\/div>\n\t\t\t\t<div class=\"elementor-element elementor-element-9753384 elementor-widget-divider--view-line_icon elementor-widget-divider--element-align-right elementor-view-default elementor-widget elementor-widget-divider\" data-id=\"9753384\" data-element_type=\"widget\" data-e-type=\"widget\" data-widget_type=\"divider.default\">\n\t\t\t\t<div class=\"elementor-widget-container\">\n\t\t\t\t\t\t\t<div class=\"elementor-divider\">\n\t\t\t<span class=\"elementor-divider-separator\">\n\t\t\t\t\t\t\t<div class=\"elementor-icon elementor-divider__element\">\n\t\t\t\t\t<svg xmlns=\"http:\/\/www.w3.org\/2000\/svg\" xmlns:xlink=\"http:\/\/www.w3.org\/1999\/xlink\" id=\"Capa_1\" x=\"0px\" y=\"0px\" viewBox=\"0 0 384.2 484.5\" style=\"enable-background:new 0 0 384.2 484.5;\" xml:space=\"preserve\"><style type=\"text\/css\">\t.st0{fill:#B1CDAB;}\t.st1{fill:#B2CDAC;}<\/style><path class=\"st0\" d=\"M383.3,118.7c1,11.3-1.5,21-2.7,31.1c-1.9,16-5.3,31.7-9.1,47.3c-2.5,10.4-4.9,21.1-9.1,30.9  c-2.5,5.7-2.6,11.7-5.1,17.2c-4,8.8-4.6,8.6-14.1,6.1c-17.1-4.4-33.4-11.3-50.4-15.7c-14.7-3.8-28.7-9.6-43.2-13.6  c-17.4-4.8-17.9-4.9-17.3-23.4c0.5-16.9-4.2-32.2-9.8-47.8c-6.5-17.9-13.6-36.3-12.3-55.9c2.5-34.7,14.4-65.1,45-84.8  c17-11,35.6-13.3,55.4-6.6c35.5,12,56.8,37.6,66.6,72.3C381.2,89.8,386.2,104.5,383.3,118.7z\"><\/path><path class=\"st1\" d=\"M202.7,303.5c1.8-10.4,2.4-21,6.8-31.3c3.8-8.8,6.7-17.9,10.3-26.8c3.8-9.3,9-12.2,17.6-8.5  c12.9,5.5,26.4,8.8,39.6,13c20,6.5,40.2,12.7,60.2,19.3c8.8,2.9,8.2,3,4.9,11.7c-5.8,15.4-13.4,30.1-22.5,43.8  c-8.2,12.2-18.1,23.2-30.3,30.7c-17.6,10.8-36.8,10.4-54.7,0.2C214.7,344.3,204.2,326.7,202.7,303.5z\"><\/path><path class=\"st0\" d=\"M4.3,220c-3.2,10.9-2.7,21-3.5,31.1c-1.2,16.1-0.9,32.1-0.3,48.2C1,310,1.2,321,3.5,331.4  c1.3,6,0.2,12,1.6,17.9c2.2,9.5,2.8,9.3,12.6,8.8c17.6-1,34.9-4.6,52.5-5.6c15.1-0.9,30-3.8,45.1-4.8c18-1.3,18.5-1.3,21.5-19.6  c2.8-16.7,10.4-30.8,19-45.1c9.9-16.4,20.4-33,22.9-52.5c4.4-34.6-1.4-66.8-27.6-92.2c-14.5-14.1-32.3-20.1-53-17.4  c-37.2,4.9-63,25.9-79.5,58C12,192,4.2,205.5,4.3,220z\"><\/path><path class=\"st1\" d=\"M145.4,436.7c0.3-10.6,1.8-21.1-0.6-32.2c-2-9.3-3.1-19-4.9-28.4c-1.9-9.9-6.5-13.8-15.6-11.8  c-13.7,2.9-27.6,3.5-41.4,5c-20.9,2.4-41.9,4.6-62.8,7.2c-9.2,1.1-8.6,1.3-7,10.5c2.7,16.3,7.2,32.2,13.5,47.5  c5.6,13.6,13.2,26.4,23.8,36.2c15.1,14.1,34,17.4,53.6,11C125.6,474.5,139.3,459.2,145.4,436.7z\"><\/path><\/svg><\/div>\n\t\t\t\t\t\t<\/span>\n\t\t<\/div>\n\t\t\t\t\t\t<\/div>\n\t\t\t\t<\/div>\n\t\t\t\t<div class=\"elementor-element elementor-element-393bd20 elementor-widget elementor-widget-text-editor\" data-id=\"393bd20\" data-element_type=\"widget\" data-e-type=\"widget\" data-widget_type=\"text-editor.default\">\n\t\t\t\t<div class=\"elementor-widget-container\">\n\t\t\t\t\t\t\t\t\t<p><span style=\"font-weight: 400\">Real-step se compromete a cumplir con las leyes sobre la protecci\u00f3n de datos personales. Este documento presenta nuestras iniciativas destinadas a respetar los derechos del consumidor. Conservamos todos los datos personales de manera segura y estrictamente confidencial.<\/span><\/p>  \r\n<p><span style=\"font-weight: 400\">\u00a0<\/span><\/p>  \r\n<p><span style=\"font-weight: 400\">Nuestras condiciones de uso y almacenamiento de datos personales se actualizaron <\/span><span style=\"font-weight: 400\">en marzo de 2018 <\/span><span style=\"font-weight: 400\">para reflejar las nuevas obligaciones legales del <\/span><b>RGPD, la nueva ley relativa a la protecci\u00f3n de datos, en vigor a partir del 25 de mayo de 2018.<\/b><span style=\"font-weight: 400\"> El RGPD afecta a las empresas europeas y no europeas que utilizan soluciones de medici\u00f3n y publicidad en l\u00ednea cuando personas acceden a sus sitios y aplicaciones en el Espacio Econ\u00f3mico Europeo.<\/span><\/p>  \r\n<p><span style=\"font-weight: 400\">\u00a0<\/span><\/p>  \r\n<h2><b>Datos personales recopilados<\/b><\/h2>  \r\n<p><span style=\"font-weight: 400\">Definimos datos personales como la informaci\u00f3n que nos proporciona a trav\u00e9s de los formularios de contacto, a saber:<\/span><\/p>  \r\n<ul>  \r\n<li style=\"font-weight: 400\"><span style=\"font-weight: 400\">Nombre, Apellidos<\/span><\/li>  \r\n<li style=\"font-weight: 400\"><span style=\"font-weight: 400\">Direcci\u00f3n<\/span><\/li>  \r\n<li style=\"font-weight: 400\"><span style=\"font-weight: 400\">Fecha de nacimiento<\/span><\/li>  \r\n<li style=\"font-weight: 400\"><span style=\"font-weight: 400\">Direcci\u00f3n de correo electr\u00f3nico<\/span><\/li>  \r\n<li style=\"font-weight: 400\"><span style=\"font-weight: 400\">Informaci\u00f3n del pasaporte<\/span><\/li>  \r\n<li style=\"font-weight: 400\"><span style=\"font-weight: 400\">N\u00famero de tel\u00e9fono<\/span><\/li>  \r\n<li style=\"font-weight: 400\"><span style=\"font-weight: 400\">N\u00famero de emergencia<\/span><\/li>  \r\n<li style=\"font-weight: 400\"><span style=\"font-weight: 400\">R\u00e9gimen alimenticio<\/span><\/li>  \r\n<li style=\"font-weight: 400\"><span style=\"font-weight: 400\">Condiciones m\u00e9dicas<\/span><\/li>  \r\n<li style=\"font-weight: 400\"><span style=\"font-weight: 400\">Antecedentes penales<\/span><\/li>  \r\n<\/ul>  \r\n<p><span style=\"font-weight: 400\">No registramos m\u00e9todos de pago a trav\u00e9s del sitio web.<\/span><\/p>  \r\n<p><span style=\"font-weight: 400\">\u00a0<\/span><\/p>  \r\n<h2><b>\u00bfD\u00f3nde y c\u00f3mo se almacenan sus datos personales?<\/b><\/h2>  \r\n<p><span style=\"font-weight: 400\">El dominio Real-step, el CMS y todos los datos de los clientes est\u00e1n <\/span><span style=\"font-weight: 400\">alojados en Irlanda<\/span><span style=\"font-weight: 400\">. Solo 4 colaboradores de Real-step tienen acceso a los datos de los clientes procedentes del sitio web.<\/span><\/p>  \r\n<p><span style=\"font-weight: 400\">\u00a0<\/span><\/p>  \r\n<p><span style=\"font-weight: 400\">Una vez enviados los formularios, todos los datos proporcionados se almacenan autom\u00e1ticamente en el CMS de Real-step, el sistema operativo del sitio (back-end). Todos los datos est\u00e1n sujetos a un sistema de cifrado para garantizar la m\u00e1xima protecci\u00f3n de los datos de nuestros clientes.<\/span><\/p>  \r\n<p><span style=\"font-weight: 400\">\u00a0<\/span><\/p>  \r\n<p><span style=\"font-weight: 400\">Otras plataformas donde Real-step almacena los datos de los clientes:<\/span><\/p>  \r\n<ul>  \r\n<li style=\"font-weight: 400\"><span style=\"font-weight: 400\">Streak (CRM) y Cuenta Gmail Real-step<\/span><\/li>  \r\n<li style=\"font-weight: 400\"><span style=\"font-weight: 400\">Cuenta Mailchimp Real-step<\/span><\/li>  \r\n<li style=\"font-weight: 400\"><span style=\"font-weight: 400\">Cuenta Dropbox Real-step y Google Drive (en formato PDF y Excel)<\/span><\/li>  \r\n<\/ul>  \r\n<p><span style=\"font-weight: 400\">Todos estos soportes est\u00e1n protegidos mediante un sistema de acceso con contrase\u00f1a, y est\u00e1n reservados exclusivamente a los colaboradores de Real-step.<\/span><\/p>  \r\n<p><span style=\"font-weight: 400\">\u00a0<\/span><\/p>  \r\n<h2><b>Uso de sus datos personales<\/b><\/h2>  \r\n<p><span style=\"font-weight: 400\">Al utilizar nuestros servicios y ponerse en contacto con nosotros a trav\u00e9s del sitio Real-step, usted consiente el almacenamiento de su informaci\u00f3n en nuestras bases de datos. Al ponerse en contacto con el equipo de Real-step, se le solicitar\u00e1 que proporcione informaci\u00f3n personal. Esta informaci\u00f3n se conservar\u00e1 de forma segura y se utilizar\u00e1 \u00fanicamente con el prop\u00f3sito de comunicarle la siguiente informaci\u00f3n:<\/span><\/p>  \r\n<p><span style=\"font-weight: 400\">&#8211; confirmaci\u00f3n de sus reservas<\/span><\/p>  \r\n<p><span style=\"font-weight: 400\">&#8211; respuesta a sus preguntas<\/span><\/p>  \r\n<p><span style=\"font-weight: 400\">&#8211; boletines informativos y actualizaciones sobre nuestras novedades (productos y servicios)<\/span><\/p>  \r\n<p><span style=\"font-weight: 400\">\u00a0<\/span><\/p>  \r\n<p><span style=\"font-weight: 400\">Nos pondremos en contacto con usted por correo electr\u00f3nico o por tel\u00e9fono si nos ha proporcionado esta informaci\u00f3n.<\/span><\/p>  \r\n<p><span style=\"font-weight: 400\">Real-step podr\u00e1 compartir su informaci\u00f3n personal con sus colaboradores a nivel local con el fin de administrar los servicios que ofrece. Los datos de los clientes solo se transferir\u00e1n a los socios una vez la reserva haya sido formalizada o confirmada por el cliente.<\/span><\/p>  \r\n<p><span style=\"font-weight: 400\">En ning\u00fan caso los datos personales de nuestros clientes ser\u00e1n comunicados a un tercero por nuestra propia iniciativa, y sin su consentimiento.<\/span><\/p>  \r\n<p><span style=\"font-weight: 400\">No vendemos nuestras bases de datos.<\/span><\/p>  \r\n\r\n<p><span style=\"font-weight: 400\">\u00a0<\/span><\/p>  \r\n<h2><b>Aplicaciones del uso de sus datos<\/b><\/h2>  \r\n<p><b>Gesti\u00f3n de su expediente<\/b><\/p>  \r\n<p><span style=\"font-weight: 400\">Antes de la salida: correspondencia por correo electr\u00f3nico de Real-step y de los organismos locales para preparar su proyecto y facilitar su inscripci\u00f3n en el programa.<\/span><\/p>  \r\n<p><span style=\"font-weight: 400\">Durante la estancia: seguimiento, asistencia y respuesta a sus preguntas por correo electr\u00f3nico.<\/span><\/p>  \r\n<p><span style=\"font-weight: 400\">\u00a0<\/span><\/p>  \r\n<p><b>Newsletters<\/b><\/p>  \r\n<p><span style=\"font-weight: 400\">Al regresar: solicitudes de feedback, boletines informativos sobre los proyectos y el organismo local, boletines informativos de Real-step sobre nuevas ofertas. Los participantes pueden darse de baja de los boletines en cualquier momento si no desean seguir recibiendo informaci\u00f3n de Real-step o de su organismo de acogida.<\/span><\/p>  \r\n<p><span style=\"font-weight: 400\">\u00a0<\/span><\/p>  \r\n<p><b>Estad\u00edsticas<\/b><\/p>  \r\n<p><span style=\"font-weight: 400\">Utilizamos sistemas de seguimiento para analizar las estad\u00edsticas de uso del sitio web (Analytics). Estos datos no contienen ning\u00fan tipo de informaci\u00f3n personal identificable. Real-step se reserva el derecho de confiar sus sistemas de seguimiento as\u00ed como sus bases de datos a empresas externas para an\u00e1lisis estad\u00edsticos, aplicando en todo caso un m\u00e1ximo de seguridad e integridad para garantizar la confidencialidad de los datos.<\/span><\/p>  \r\n<p><span style=\"font-weight: 400\">\u00a0<\/span><\/p>  \r\n<h2><b>Seguridad y control de sus datos personales<\/b><\/h2>  \r\n<p><span style=\"font-weight: 400\">Nos comprometemos a mantener un nivel de seguridad e integridad m\u00e1ximo para garantizar la privacidad de sus datos personales. Todo acceso no autorizado a nuestras bases de datos que pudiera causar un perjuicio ser\u00e1 comunicado a las personas afectadas y se notificar\u00e1 a las autoridades competentes de protecci\u00f3n de datos en un plazo de 72 horas (en nuestro caso, ICO, organismo brit\u00e1nico equivalente a la CNIL en Francia).<\/span><\/p>  \r\n<p><span style=\"font-weight: 400\">\u00a0<\/span><\/p>  \r\n<p><span style=\"font-weight: 400\">Entre los nuevos derechos que las empresas deben respetar, todo ciudadano tiene derecho a acceder a la informaci\u00f3n que le concierne, a solicitar su rectificaci\u00f3n y a exigir su eliminaci\u00f3n. Si desea obtener una copia de la informaci\u00f3n que disponemos sobre usted, modificarla o eliminarla de nuestros sistemas, env\u00edenos un correo electr\u00f3nico a <\/span><span style=\"font-weight: 400\">info@real-step.com<\/span><span style=\"font-weight: 400\"> adjuntando una copia escaneada de su documento de identidad.<\/span><\/p>  \r\n<p><span style=\"font-weight: 400\">\u00a0<\/span><\/p>  \r\n<p><b>Sitios asociados<\/b><\/p>  \r\n<p><span style=\"font-weight: 400\">Nos aseguramos de que cada sitio asociado sea seguro y est\u00e9 certificado; sin embargo, no seremos responsables de la informaci\u00f3n y los datos personales comunicados en los sitios asociados durante la formalizaci\u00f3n de su reserva. Invitamos a los participantes a consultar y validar la pol\u00edtica de privacidad de cada sitio asociado antes de realizar cualquier reserva en l\u00ednea.<\/span><\/p>  \r\n<p><span style=\"font-weight: 400\">No seremos responsables de los datos personales comunicados en foros p\u00fablicos o diversos blogs.<\/span><\/p> \t\t\t\t\t\t\t\t<\/div>\n\t\t\t\t<\/div>\n\t\t\t\t\t<\/div>\n\t\t<\/div>\n\t\t\t\t\t<\/div>\n\t\t<\/section>\n\t\t\t\t<\/div>\n\t\t","protected":false},"excerpt":{"rendered":"","protected":false},"author":1,"featured_media":0,"parent":0,"menu_order":0,"comment_status":"closed","ping_status":"closed","template":"elementor_header_footer","meta":{"_jet_sm_ready_style":"","_jet_sm_style":"","_jet_sm_controls_values":"","_jet_sm_fonts_collection":"","_jet_sm_fonts_links":"","footnotes":""},"type-de-programme":[],"types-de-page":[],"class_list":["post-10230","page","type-page","status-publish","hentry"],"_links":{"self":[{"href":"https:\/\/www.real-step.com\/es\/wp-json\/wp\/v2\/pages\/10230","targetHints":{"allow":["GET"]}}],"collection":[{"href":"https:\/\/www.real-step.com\/es\/wp-json\/wp\/v2\/pages"}],"about":[{"href":"https:\/\/www.real-step.com\/es\/wp-json\/wp\/v2\/types\/page"}],"author":[{"embeddable":true,"href":"https:\/\/www.real-step.com\/es\/wp-json\/wp\/v2\/users\/1"}],"replies":[{"embeddable":true,"href":"https:\/\/www.real-step.com\/es\/wp-json\/wp\/v2\/comments?post=10230"}],"version-history":[{"count":2,"href":"https:\/\/www.real-step.com\/es\/wp-json\/wp\/v2\/pages\/10230\/revisions"}],"predecessor-version":[{"id":21966,"href":"https:\/\/www.real-step.com\/es\/wp-json\/wp\/v2\/pages\/10230\/revisions\/21966"}],"wp:attachment":[{"href":"https:\/\/www.real-step.com\/es\/wp-json\/wp\/v2\/media?parent=10230"}],"wp:term":[{"taxonomy":"type-de-programme","embeddable":true,"href":"https:\/\/www.real-step.com\/es\/wp-json\/wp\/v2\/type-de-programme?post=10230"},{"taxonomy":"types-de-page","embeddable":true,"href":"https:\/\/www.real-step.com\/es\/wp-json\/wp\/v2\/types-de-page?post=10230"}],"curies":[{"name":"wp","href":"https:\/\/api.w.org\/{rel}","templated":true}]}}