{"id":21106,"date":"2023-01-20T12:43:52","date_gmt":"2023-01-20T11:43:52","guid":{"rendered":"https:\/\/www.real-step.com\/validez-votre-stage-en-devenant-ambassadeur-pour-realstep\/"},"modified":"2025-05-19T12:22:59","modified_gmt":"2025-05-19T11:22:59","slug":"valida-tus-practicas-como-embajador-de-realstep","status":"publish","type":"page","link":"https:\/\/www.real-step.com\/es\/valida-tus-practicas-como-embajador-de-realstep\/","title":{"rendered":"Valida tus pr\u00e1cticas con Realstep"},"content":{"rendered":"\t\t<div data-elementor-type=\"wp-page\" data-elementor-id=\"21106\" class=\"elementor elementor-21106 elementor-15197\" data-elementor-post-type=\"page\">\n\t\t\t\t\t\t<section class=\"elementor-section elementor-top-section elementor-element elementor-element-90cfd00 elementor-section-full_width elementor-section-height-min-height elementor-section-items-bottom elementor-section-content-middle elementor-section-height-default\" data-id=\"90cfd00\" data-element_type=\"section\" data-e-type=\"section\" data-settings=\"{&quot;jet_parallax_layout_list&quot;:[{&quot;jet_parallax_layout_image&quot;:{&quot;url&quot;:&quot;&quot;,&quot;id&quot;:&quot;&quot;,&quot;size&quot;:&quot;&quot;,&quot;alt&quot;:&quot;&quot;,&quot;source&quot;:&quot;library&quot;},&quot;_id&quot;:&quot;4a3913d&quot;,&quot;jet_parallax_layout_image_tablet&quot;:{&quot;url&quot;:&quot;&quot;,&quot;id&quot;:&quot;&quot;,&quot;size&quot;:&quot;&quot;},&quot;jet_parallax_layout_image_mobile&quot;:{&quot;url&quot;:&quot;&quot;,&quot;id&quot;:&quot;&quot;,&quot;size&quot;:&quot;&quot;},&quot;jet_parallax_layout_speed&quot;:{&quot;unit&quot;:&quot;%&quot;,&quot;size&quot;:50,&quot;sizes&quot;:[]},&quot;jet_parallax_layout_type&quot;:&quot;scroll&quot;,&quot;jet_parallax_layout_direction&quot;:&quot;1&quot;,&quot;jet_parallax_layout_fx_direction&quot;:null,&quot;jet_parallax_layout_z_index&quot;:&quot;&quot;,&quot;jet_parallax_layout_bg_x&quot;:50,&quot;jet_parallax_layout_bg_x_tablet&quot;:&quot;&quot;,&quot;jet_parallax_layout_bg_x_mobile&quot;:&quot;&quot;,&quot;jet_parallax_layout_bg_y&quot;:50,&quot;jet_parallax_layout_bg_y_tablet&quot;:&quot;&quot;,&quot;jet_parallax_layout_bg_y_mobile&quot;:&quot;&quot;,&quot;jet_parallax_layout_bg_size&quot;:&quot;auto&quot;,&quot;jet_parallax_layout_bg_size_tablet&quot;:&quot;&quot;,&quot;jet_parallax_layout_bg_size_mobile&quot;:&quot;&quot;,&quot;jet_parallax_layout_animation_prop&quot;:&quot;transform&quot;,&quot;jet_parallax_layout_on&quot;:[&quot;desktop&quot;,&quot;tablet&quot;]}],&quot;background_background&quot;:&quot;classic&quot;}\">\n\t\t\t\t\t\t\t<div class=\"elementor-background-overlay\"><\/div>\n\t\t\t\t\t\t\t<div class=\"elementor-container elementor-column-gap-no\">\n\t\t\t\t\t<div class=\"elementor-column elementor-col-100 elementor-top-column elementor-element elementor-element-fb2a986\" data-id=\"fb2a986\" data-element_type=\"column\" data-e-type=\"column\">\n\t\t\t<div class=\"elementor-widget-wrap elementor-element-populated\">\n\t\t\t\t\t\t<section class=\"elementor-section elementor-inner-section elementor-element elementor-element-d166997 elementor-section-boxed elementor-section-height-default elementor-section-height-default\" data-id=\"d166997\" data-element_type=\"section\" data-e-type=\"section\" data-settings=\"{&quot;jet_parallax_layout_list&quot;:[{&quot;jet_parallax_layout_image&quot;:{&quot;url&quot;:&quot;&quot;,&quot;id&quot;:&quot;&quot;,&quot;size&quot;:&quot;&quot;},&quot;_id&quot;:&quot;cd914a8&quot;,&quot;jet_parallax_layout_image_tablet&quot;:{&quot;url&quot;:&quot;&quot;,&quot;id&quot;:&quot;&quot;,&quot;size&quot;:&quot;&quot;},&quot;jet_parallax_layout_image_mobile&quot;:{&quot;url&quot;:&quot;&quot;,&quot;id&quot;:&quot;&quot;,&quot;size&quot;:&quot;&quot;},&quot;jet_parallax_layout_speed&quot;:{&quot;unit&quot;:&quot;%&quot;,&quot;size&quot;:50,&quot;sizes&quot;:[]},&quot;jet_parallax_layout_type&quot;:&quot;scroll&quot;,&quot;jet_parallax_layout_direction&quot;:&quot;1&quot;,&quot;jet_parallax_layout_fx_direction&quot;:null,&quot;jet_parallax_layout_z_index&quot;:&quot;&quot;,&quot;jet_parallax_layout_bg_x&quot;:50,&quot;jet_parallax_layout_bg_x_tablet&quot;:&quot;&quot;,&quot;jet_parallax_layout_bg_x_mobile&quot;:&quot;&quot;,&quot;jet_parallax_layout_bg_y&quot;:50,&quot;jet_parallax_layout_bg_y_tablet&quot;:&quot;&quot;,&quot;jet_parallax_layout_bg_y_mobile&quot;:&quot;&quot;,&quot;jet_parallax_layout_bg_size&quot;:&quot;auto&quot;,&quot;jet_parallax_layout_bg_size_tablet&quot;:&quot;&quot;,&quot;jet_parallax_layout_bg_size_mobile&quot;:&quot;&quot;,&quot;jet_parallax_layout_animation_prop&quot;:&quot;transform&quot;,&quot;jet_parallax_layout_on&quot;:[&quot;desktop&quot;,&quot;tablet&quot;]}]}\">\n\t\t\t\t\t\t<div class=\"elementor-container elementor-column-gap-default\">\n\t\t\t\t\t<div class=\"elementor-column elementor-col-100 elementor-inner-column elementor-element elementor-element-1978406\" data-id=\"1978406\" data-element_type=\"column\" data-e-type=\"column\">\n\t\t\t<div class=\"elementor-widget-wrap elementor-element-populated\">\n\t\t\t\t\t\t<div class=\"elementor-element elementor-element-500a833 elementor-widget elementor-widget-heading\" data-id=\"500a833\" data-element_type=\"widget\" data-e-type=\"widget\" data-widget_type=\"heading.default\">\n\t\t\t\t<div class=\"elementor-widget-container\">\n\t\t\t\t\t<h1 class=\"elementor-heading-title elementor-size-xxl\">Valida tus pr\u00e1cticas con Realstep<\/h1>\t\t\t\t<\/div>\n\t\t\t\t<\/div>\n\t\t\t\t\t<\/div>\n\t\t<\/div>\n\t\t\t\t\t<\/div>\n\t\t<\/section>\n\t\t\t\t<div class=\"elementor-element elementor-element-c156e31 elementor-widget elementor-widget-spacer\" data-id=\"c156e31\" data-element_type=\"widget\" data-e-type=\"widget\" data-widget_type=\"spacer.default\">\n\t\t\t\t<div class=\"elementor-widget-container\">\n\t\t\t\t\t\t\t<div class=\"elementor-spacer\">\n\t\t\t<div class=\"elementor-spacer-inner\"><\/div>\n\t\t<\/div>\n\t\t\t\t\t\t<\/div>\n\t\t\t\t<\/div>\n\t\t\t\t\t<\/div>\n\t\t<\/div>\n\t\t\t\t\t<\/div>\n\t\t<\/section>\n\t\t\t\t<section class=\"elementor-section elementor-top-section elementor-element elementor-element-93f1bae elementor-section-boxed elementor-section-height-default elementor-section-height-default\" data-id=\"93f1bae\" data-element_type=\"section\" data-e-type=\"section\" data-settings=\"{&quot;jet_parallax_layout_list&quot;:[{&quot;jet_parallax_layout_image&quot;:{&quot;url&quot;:&quot;&quot;,&quot;id&quot;:&quot;&quot;,&quot;size&quot;:&quot;&quot;},&quot;_id&quot;:&quot;08d6493&quot;,&quot;jet_parallax_layout_image_tablet&quot;:{&quot;url&quot;:&quot;&quot;,&quot;id&quot;:&quot;&quot;,&quot;size&quot;:&quot;&quot;},&quot;jet_parallax_layout_image_mobile&quot;:{&quot;url&quot;:&quot;&quot;,&quot;id&quot;:&quot;&quot;,&quot;size&quot;:&quot;&quot;},&quot;jet_parallax_layout_speed&quot;:{&quot;unit&quot;:&quot;%&quot;,&quot;size&quot;:50,&quot;sizes&quot;:[]},&quot;jet_parallax_layout_type&quot;:&quot;scroll&quot;,&quot;jet_parallax_layout_direction&quot;:&quot;1&quot;,&quot;jet_parallax_layout_fx_direction&quot;:null,&quot;jet_parallax_layout_z_index&quot;:&quot;&quot;,&quot;jet_parallax_layout_bg_x&quot;:50,&quot;jet_parallax_layout_bg_x_tablet&quot;:&quot;&quot;,&quot;jet_parallax_layout_bg_x_mobile&quot;:&quot;&quot;,&quot;jet_parallax_layout_bg_y&quot;:50,&quot;jet_parallax_layout_bg_y_tablet&quot;:&quot;&quot;,&quot;jet_parallax_layout_bg_y_mobile&quot;:&quot;&quot;,&quot;jet_parallax_layout_bg_size&quot;:&quot;auto&quot;,&quot;jet_parallax_layout_bg_size_tablet&quot;:&quot;&quot;,&quot;jet_parallax_layout_bg_size_mobile&quot;:&quot;&quot;,&quot;jet_parallax_layout_animation_prop&quot;:&quot;transform&quot;,&quot;jet_parallax_layout_on&quot;:[&quot;desktop&quot;,&quot;tablet&quot;]}]}\">\n\t\t\t\t\t\t<div class=\"elementor-container elementor-column-gap-default\">\n\t\t\t\t\t<div class=\"elementor-column elementor-col-100 elementor-top-column elementor-element elementor-element-63944e1\" data-id=\"63944e1\" data-element_type=\"column\" data-e-type=\"column\">\n\t\t\t<div class=\"elementor-widget-wrap elementor-element-populated\">\n\t\t\t\t\t\t<div class=\"elementor-element elementor-element-f8c4f41 elementor-widget elementor-widget-heading\" data-id=\"f8c4f41\" data-element_type=\"widget\" data-e-type=\"widget\" data-widget_type=\"heading.default\">\n\t\t\t\t<div class=\"elementor-widget-container\">\n\t\t\t\t\t<h2 class=\"elementor-heading-title elementor-size-default\">\u00a1Crea contenido para Realstep y valida tus pr\u00e1cticas en el extranjero!<\/h2>\t\t\t\t<\/div>\n\t\t\t\t<\/div>\n\t\t\t\t<div class=\"elementor-element elementor-element-6422f5f elementor-widget-divider--view-line_icon elementor-widget-divider--element-align-right elementor-view-default elementor-widget elementor-widget-divider\" data-id=\"6422f5f\" data-element_type=\"widget\" data-e-type=\"widget\" data-widget_type=\"divider.default\">\n\t\t\t\t<div class=\"elementor-widget-container\">\n\t\t\t\t\t\t\t<div class=\"elementor-divider\">\n\t\t\t<span class=\"elementor-divider-separator\">\n\t\t\t\t\t\t\t<div class=\"elementor-icon elementor-divider__element\">\n\t\t\t\t\t<svg xmlns=\"http:\/\/www.w3.org\/2000\/svg\" xmlns:xlink=\"http:\/\/www.w3.org\/1999\/xlink\" id=\"Capa_1\" x=\"0px\" y=\"0px\" viewBox=\"0 0 384.2 484.5\" style=\"enable-background:new 0 0 384.2 484.5;\" xml:space=\"preserve\"><style type=\"text\/css\">\t.st0{fill:#B1CDAB;}\t.st1{fill:#B2CDAC;}<\/style><path class=\"st0\" d=\"M383.3,118.7c1,11.3-1.5,21-2.7,31.1c-1.9,16-5.3,31.7-9.1,47.3c-2.5,10.4-4.9,21.1-9.1,30.9  c-2.5,5.7-2.6,11.7-5.1,17.2c-4,8.8-4.6,8.6-14.1,6.1c-17.1-4.4-33.4-11.3-50.4-15.7c-14.7-3.8-28.7-9.6-43.2-13.6  c-17.4-4.8-17.9-4.9-17.3-23.4c0.5-16.9-4.2-32.2-9.8-47.8c-6.5-17.9-13.6-36.3-12.3-55.9c2.5-34.7,14.4-65.1,45-84.8  c17-11,35.6-13.3,55.4-6.6c35.5,12,56.8,37.6,66.6,72.3C381.2,89.8,386.2,104.5,383.3,118.7z\"><\/path><path class=\"st1\" d=\"M202.7,303.5c1.8-10.4,2.4-21,6.8-31.3c3.8-8.8,6.7-17.9,10.3-26.8c3.8-9.3,9-12.2,17.6-8.5  c12.9,5.5,26.4,8.8,39.6,13c20,6.5,40.2,12.7,60.2,19.3c8.8,2.9,8.2,3,4.9,11.7c-5.8,15.4-13.4,30.1-22.5,43.8  c-8.2,12.2-18.1,23.2-30.3,30.7c-17.6,10.8-36.8,10.4-54.7,0.2C214.7,344.3,204.2,326.7,202.7,303.5z\"><\/path><path class=\"st0\" d=\"M4.3,220c-3.2,10.9-2.7,21-3.5,31.1c-1.2,16.1-0.9,32.1-0.3,48.2C1,310,1.2,321,3.5,331.4  c1.3,6,0.2,12,1.6,17.9c2.2,9.5,2.8,9.3,12.6,8.8c17.6-1,34.9-4.6,52.5-5.6c15.1-0.9,30-3.8,45.1-4.8c18-1.3,18.5-1.3,21.5-19.6  c2.8-16.7,10.4-30.8,19-45.1c9.9-16.4,20.4-33,22.9-52.5c4.4-34.6-1.4-66.8-27.6-92.2c-14.5-14.1-32.3-20.1-53-17.4  c-37.2,4.9-63,25.9-79.5,58C12,192,4.2,205.5,4.3,220z\"><\/path><path class=\"st1\" d=\"M145.4,436.7c0.3-10.6,1.8-21.1-0.6-32.2c-2-9.3-3.1-19-4.9-28.4c-1.9-9.9-6.5-13.8-15.6-11.8  c-13.7,2.9-27.6,3.5-41.4,5c-20.9,2.4-41.9,4.6-62.8,7.2c-9.2,1.1-8.6,1.3-7,10.5c2.7,16.3,7.2,32.2,13.5,47.5  c5.6,13.6,13.2,26.4,23.8,36.2c15.1,14.1,34,17.4,53.6,11C125.6,474.5,139.3,459.2,145.4,436.7z\"><\/path><\/svg><\/div>\n\t\t\t\t\t\t<\/span>\n\t\t<\/div>\n\t\t\t\t\t\t<\/div>\n\t\t\t\t<\/div>\n\t\t\t\t<div class=\"elementor-element elementor-element-e0610af elementor-widget elementor-widget-text-editor\" data-id=\"e0610af\" data-element_type=\"widget\" data-e-type=\"widget\" data-widget_type=\"text-editor.default\">\n\t\t\t\t<div class=\"elementor-widget-container\">\n\t\t\t\t\t\t\t\t\t<h2 style=\"text-align: center\">Misi\u00f3n de Marketing y Comunicaci\u00f3n para Realstep<\/h2>\r\n<p><strong> <\/strong><\/p>\r\n<p>Los estudiantes que se embarcan en una misi\u00f3n humanitaria para realizar sus pr\u00e1cticas suelen enfrentarse a un problema simple: el n\u00famero de horas de trabajo efectivo puede ser insuficiente en relaci\u00f3n con la carga de trabajo requerida para validar sus pr\u00e1cticas.<\/p>\r\n<p>\u00a0<\/p>\r\n<p>De hecho, la mayor\u00eda de los proyectos proponen medias jornadas de trabajo, ya que las misiones sobre el terreno son bastante intensas. Sin embargo, tenemos la posibilidad de ofrecer misiones complementarias a distancia para los estudiantes que necesiten completar su horario para validar sus pr\u00e1cticas. De hecho, ya hemos implementado este sistema en varias ocasiones, lo que ha permitido solucionar el problema del n\u00famero de horas que hay que validar.<\/p>\r\n<p>\u00a0<\/p>\r\n<p>El m\u00f3dulo de marketing y comunicaci\u00f3n permite a\u00f1adir entre 10 y 15 horas por semana de trabajo a distancia. El papel del estudiante consistir\u00e1 en enviarnos contenido sobre sus misiones, su entorno, su equipo y su experiencia general sobre el terreno. Adem\u00e1s de formar parte de unas pr\u00e1cticas v\u00e1lidas, este m\u00f3dulo permite aportar habilidades reales que complementan la tarea directamente sobre el terreno. Esto ofrece la oportunidad de realizar unas pr\u00e1cticas completas, adquiriendo competencias adicionales.<\/p>\r\n<h2><strong> <\/strong><\/h2>\r\n<h2>Tareas y misiones requeridas para validar las pr\u00e1cticas:<\/h2>\r\n<p>Las pr\u00e1cticas de RealStep requieren algunas habilidades y, a cambio, te permiten reforzar otras. Dentro de uno de nuestros proyectos, se te pedir\u00e1 que realices diversas tareas como parte de tus pr\u00e1cticas. Hemos listado las diferentes misiones que tendr\u00e1s que realizar para validar esta experiencia.<\/p>\r\n<p>\u00a0<\/p>\r\n<h2>Ejemplo de misiones:<\/h2>\r\n<p>&#8211; 1 entrevista a un estudiante o miembro del personal (video m\u00e1ximo de 1 minuto) subtitulado en franc\u00e9s<\/p>\r\n<p>\u00a0<\/p>\r\n<p>&#8211; 1 art\u00edculo en franc\u00e9s (500-1000 palabras), que puede ser realizado en forma de mini-reportaje (tu testimonio, entrevista con un voluntario o coordinador, art\u00edculo sobre tu proyecto&#8230;)<\/p>\r\n<p>\u00a0<\/p>\r\n<p>&#8211; Fotos y videos de las misiones realizadas en el lugar con explicaciones detalladas.<\/p>\r\n<p>\u00a0<\/p>\r\n<p>&#8211; Etiquetar a Realstep en las redes sociales en una historia (Instagram) al menos 2 o 3 veces por semana.<\/p>\r\n<p>\u00a0<\/p>\r\n<p>&#8211; Resumen de la experiencia personal al final de la misi\u00f3n, con puntuaciones asignadas a las diferentes actividades.<\/p>\r\n<p>\u00a0<\/p>\r\n<p>&#8211; Contar un d\u00eda t\u00edpico de un estudiante en el proyecto.<\/p>\r\n<p>\u00a0<\/p>\r\n<p>&#8211; Realizar un montaje de video al final de las pr\u00e1cticas con todas las misiones realizadas en el proyecto.<\/p>\r\n<p>\u00a0<\/p>\r\n<p>&#8211; Enumerar las competencias adquiridas en el lugar al final de las pr\u00e1cticas.<\/p>\r\n<p>\u00a0<\/p>\r\n<p>&#8211; Explicar cu\u00e1les han sido las misiones que m\u00e1s has disfrutado realizar y justificar tu respuesta.<\/p>\r\n<p>\u00a0<\/p>\r\n<h2>El seguimiento:<\/h2>\r\n<p>Los elementos deben enviarse por correo electr\u00f3nico o a trav\u00e9s de un archivo Drive cada semana. Realizaremos un seguimiento cada viernes de las misiones realizadas durante la semana.<\/p>\r\n<p>Al final de las pr\u00e1cticas, el equipo de Realstep har\u00e1 una evaluaci\u00f3n del trabajo entregado por el estudiante. Te ofrecemos un acompa\u00f1amiento real durante tus pr\u00e1cticas, permiti\u00e9ndote al mismo tiempo cierta autonom\u00eda en tu trabajo.<\/p>\r\n<p>El objetivo es estar disponible en caso de problemas y guiarte a lo largo de esta experiencia para que puedas realizar unas pr\u00e1cticas profesionales, completas y enriquecedoras.<\/p>\r\n<p>\u00a0<\/p>\r\n\t\t\t\t\t\t\t\t<\/div>\n\t\t\t\t<\/div>\n\t\t\t\t\t<\/div>\n\t\t<\/div>\n\t\t\t\t\t<\/div>\n\t\t<\/section>\n\t\t\t\t<\/div>\n\t\t","protected":false},"excerpt":{"rendered":"","protected":false},"author":13,"featured_media":15202,"parent":0,"menu_order":0,"comment_status":"closed","ping_status":"closed","template":"elementor_header_footer","meta":{"_jet_sm_ready_style":"","_jet_sm_style":"","_jet_sm_controls_values":"","_jet_sm_fonts_collection":"","_jet_sm_fonts_links":"","footnotes":""},"type-de-programme":[],"types-de-page":[88],"class_list":["post-21106","page","type-page","status-publish","has-post-thumbnail","hentry","types-de-page-page-unique"],"_links":{"self":[{"href":"https:\/\/www.real-step.com\/es\/wp-json\/wp\/v2\/pages\/21106","targetHints":{"allow":["GET"]}}],"collection":[{"href":"https:\/\/www.real-step.com\/es\/wp-json\/wp\/v2\/pages"}],"about":[{"href":"https:\/\/www.real-step.com\/es\/wp-json\/wp\/v2\/types\/page"}],"author":[{"embeddable":true,"href":"https:\/\/www.real-step.com\/es\/wp-json\/wp\/v2\/users\/13"}],"replies":[{"embeddable":true,"href":"https:\/\/www.real-step.com\/es\/wp-json\/wp\/v2\/comments?post=21106"}],"version-history":[{"count":2,"href":"https:\/\/www.real-step.com\/es\/wp-json\/wp\/v2\/pages\/21106\/revisions"}],"predecessor-version":[{"id":24128,"href":"https:\/\/www.real-step.com\/es\/wp-json\/wp\/v2\/pages\/21106\/revisions\/24128"}],"wp:featuredmedia":[{"embeddable":true,"href":"https:\/\/www.real-step.com\/es\/wp-json\/wp\/v2\/media\/15202"}],"wp:attachment":[{"href":"https:\/\/www.real-step.com\/es\/wp-json\/wp\/v2\/media?parent=21106"}],"wp:term":[{"taxonomy":"type-de-programme","embeddable":true,"href":"https:\/\/www.real-step.com\/es\/wp-json\/wp\/v2\/type-de-programme?post=21106"},{"taxonomy":"types-de-page","embeddable":true,"href":"https:\/\/www.real-step.com\/es\/wp-json\/wp\/v2\/types-de-page?post=21106"}],"curies":[{"name":"wp","href":"https:\/\/api.w.org\/{rel}","templated":true}]}}